{"id":6,"date":"2009-09-24T18:57:39","date_gmt":"2009-09-24T16:57:39","guid":{"rendered":"http:\/\/www.traumatrucos.es\/?page_id=6"},"modified":"2009-09-24T19:25:02","modified_gmt":"2009-09-24T17:25:02","slug":"bienvenido-%c2%a1-leeme","status":"publish","type":"page","link":"https:\/\/www.traumatrucos.es\/?page_id=6","title":{"rendered":"\u00bf Qu\u00e9 es Trauma-Trucos ?"},"content":{"rendered":"<p>Es un blog cuyo objetivo es el de <strong>COMPARTIR<\/strong>, todos aquellos trucos, experiencias, habilidades que hemos le\u00eddo o aprendido en nuestra vida profesional, que podamos realizar en nuestras consultas ambulatorias y que nos facilitan nuestro quehacer diario y benefician a nuestros pacientes.<\/p>\n<p>Muchas veces ante la falta de medios, nos las hemos tenido que ingeniar, o nos ha sorprendido un colega o un paciente con algo que luego hemos incorporado a nuestro bagaje terap\u00e9utico. Esa proyecci\u00f3n radiogr\u00e1fica inusual, ese vendaje, esa manera de realizar una cura, esa t\u00e9cnica fisioter\u00e1pica, esos dibujos o fotograf\u00edas que ayudan a nuestros pacientes a explicar diversas patolog\u00edas en fin todo aquello que hemos descubierto, aquellos que nos ha ido bien y que queremos compartir , aqu\u00ed tiene su lugar.<\/p>\n<p>Seguro que algunos de ellos ya los sab\u00edamos, pero tambi\u00e9n te aseguro que para mucha gente con ganas de aprender, van a constituir una aut\u00e9ntica novedad.<\/p>\n<p>Espero no s\u00f3lo los comentarios, sino las aportaciones para convertirlo en un blog din\u00e1mico&#8230;y eso se consigue entre todos<\/p>\n<p>Por supuesto que estamos abiertos a correcciones o modificaciones o variaciones de las t\u00e9cnicas, s\u00f3lo nos lo tienes que decir.<\/p>\n","protected":false},"excerpt":{"rendered":"<p>Es un blog cuyo objetivo es el de COMPARTIR, todos aquellos trucos, experiencias, habilidades que hemos le\u00eddo o aprendido en nuestra vida profesional, que podamos realizar en nuestras consultas ambulatorias y que nos facilitan nuestro quehacer diario y benefician a &hellip; <a href=\"https:\/\/www.traumatrucos.es\/?page_id=6\">Sigue leyendo <span class=\"meta-nav\">&rarr;<\/span><\/a><\/p>\n","protected":false},"author":1,"featured_media":0,"parent":0,"menu_order":0,"comment_status":"open","ping_status":"open","template":"","meta":{"_monsterinsights_skip_tracking":false,"_monsterinsights_sitenote_active":false,"_monsterinsights_sitenote_note":"","_monsterinsights_sitenote_category":0,"jetpack_post_was_ever_published":false,"footnotes":""},"class_list":["post-6","page","type-page","status-publish","hentry"],"jetpack_sharing_enabled":true,"jetpack_shortlink":"https:\/\/wp.me\/P1eduY-6","jetpack-related-posts":[],"jetpack_likes_enabled":true,"_links":{"self":[{"href":"https:\/\/www.traumatrucos.es\/index.php?rest_route=\/wp\/v2\/pages\/6","targetHints":{"allow":["GET"]}}],"collection":[{"href":"https:\/\/www.traumatrucos.es\/index.php?rest_route=\/wp\/v2\/pages"}],"about":[{"href":"https:\/\/www.traumatrucos.es\/index.php?rest_route=\/wp\/v2\/types\/page"}],"author":[{"embeddable":true,"href":"https:\/\/www.traumatrucos.es\/index.php?rest_route=\/wp\/v2\/users\/1"}],"replies":[{"embeddable":true,"href":"https:\/\/www.traumatrucos.es\/index.php?rest_route=%2Fwp%2Fv2%2Fcomments&post=6"}],"version-history":[{"count":6,"href":"https:\/\/www.traumatrucos.es\/index.php?rest_route=\/wp\/v2\/pages\/6\/revisions"}],"predecessor-version":[{"id":14,"href":"https:\/\/www.traumatrucos.es\/index.php?rest_route=\/wp\/v2\/pages\/6\/revisions\/14"}],"wp:attachment":[{"href":"https:\/\/www.traumatrucos.es\/index.php?rest_route=%2Fwp%2Fv2%2Fmedia&parent=6"}],"curies":[{"name":"wp","href":"https:\/\/api.w.org\/{rel}","templated":true}]}}